{"id":7,"date":"2021-04-30T06:32:53","date_gmt":"2021-04-30T06:32:53","guid":{"rendered":"http:\/\/metimemusic.hu\/?page_id=7"},"modified":"2021-04-30T06:38:11","modified_gmt":"2021-04-30T06:38:11","slug":"elerhetoseg","status":"publish","type":"page","link":"http:\/\/metimemusic.hu\/index.php\/elerhetoseg\/","title":{"rendered":"El\u00e9rhet\u0151s\u00e9g"},"content":{"rendered":"\n<p>email: <a href=\"mailto:metimejazz@gmail.com\">metimejazz@gmail.com<\/a><\/p>\n\n\n\n<p>telefon: 06 20-9157070<\/p>\n","protected":false},"excerpt":{"rendered":"<p>email: metimejazz@gmail.com telefon: 06 20-9157070<\/p>\n","protected":false},"author":1,"featured_media":0,"parent":0,"menu_order":0,"comment_status":"closed","ping_status":"closed","template":"","meta":[],"_links":{"self":[{"href":"http:\/\/metimemusic.hu\/index.php\/wp-json\/wp\/v2\/pages\/7"}],"collection":[{"href":"http:\/\/metimemusic.hu\/index.php\/wp-json\/wp\/v2\/pages"}],"about":[{"href":"http:\/\/metimemusic.hu\/index.php\/wp-json\/wp\/v2\/types\/page"}],"author":[{"embeddable":true,"href":"http:\/\/metimemusic.hu\/index.php\/wp-json\/wp\/v2\/users\/1"}],"replies":[{"embeddable":true,"href":"http:\/\/metimemusic.hu\/index.php\/wp-json\/wp\/v2\/comments?post=7"}],"version-history":[{"count":2,"href":"http:\/\/metimemusic.hu\/index.php\/wp-json\/wp\/v2\/pages\/7\/revisions"}],"predecessor-version":[{"id":34,"href":"http:\/\/metimemusic.hu\/index.php\/wp-json\/wp\/v2\/pages\/7\/revisions\/34"}],"wp:attachment":[{"href":"http:\/\/metimemusic.hu\/index.php\/wp-json\/wp\/v2\/media?parent=7"}],"curies":[{"name":"wp","href":"https:\/\/api.w.org\/{rel}","templated":true}]}}