{"id":13,"date":"2021-04-30T06:32:53","date_gmt":"2021-04-30T06:32:53","guid":{"rendered":"http:\/\/metimemusic.hu\/?page_id=13"},"modified":"2021-06-30T20:39:03","modified_gmt":"2021-06-30T20:39:03","slug":"kezdolap","status":"publish","type":"page","link":"http:\/\/metimemusic.hu\/","title":{"rendered":"R\u00f3lunk"},"content":{"rendered":"\n<p>K\u00e1lm\u00e1n Gabriella &#8211; \u00e9nek<\/p>\n\n\n\n<p>R\u00e1cz G\u00e1bor &#8211; zongora<\/p>\n\n\n\n<p class=\"has-text-align-left\">     Kerti partikt\u00f3l a vas\u00e1rnapi reggelin, a v\u00e1llalati vacsor\u00e1kon \u00e1t a kar\u00e1csonyi partikig\u2026 P\u00e1rosunk fell\u00e9pett m\u00e1r budapesti \u00e9s vid\u00e9ki sz\u00e1llod\u00e1kban, tet\u0151t\u00e9ri b\u00e1rokban, esk\u00fcv\u0151i partikon \u00e9s m\u00e1s fantasztikus helyeken. Nemcsak klasszikus jazz standardokat adunk el\u0151, hanem magyar \u00f6r\u00f6kz\u00f6ldeket \u00e9s modern pop dalok akusztikus feldolgoz\u00e1s\u00e1t is, p\u00e9ld\u00e1ul: Stevie Wonder, Ed Sheeran, Norah Jones, Elton John stb.<\/p>\n\n\n\n<p>    <em>Garden parties, Sunday brunches, corporate dinners, Christmas parties&#8230; Our duo has performed at hotels, wedding parties, roof top bars of Budapest, and other cool places. We perform not only classic jazz standards, but acoustic covers of modern pop songs for example: Stevie Wonder, Ed Sheeran, Norah Jones, Elton John, etc\u2026<\/em><\/p>\n\n\n\n<p><\/p>\n","protected":false},"excerpt":{"rendered":"<p>K\u00e1lm\u00e1n Gabriella &#8211; \u00e9nek R\u00e1cz G\u00e1bor &#8211; zongora Kerti partikt\u00f3l a vas\u00e1rnapi reggelin, a v\u00e1llalati vacsor\u00e1kon \u00e1t a kar\u00e1csonyi partikig\u2026 P\u00e1rosunk fell\u00e9pett m\u00e1r budapesti \u00e9s vid\u00e9ki sz\u00e1llod\u00e1kban, tet\u0151t\u00e9ri b\u00e1rokban, esk\u00fcv\u0151i partikon \u00e9s m\u00e1s fantasztikus helyeken. Nemcsak klasszikus jazz standardokat adunk el\u0151, hanem magyar \u00f6r\u00f6kz\u00f6ldeket \u00e9s modern pop dalok akusztikus feldolgoz\u00e1s\u00e1t is, p\u00e9ld\u00e1ul: Stevie Wonder, Ed &hellip; <\/p>\n<p class=\"link-more\"><a href=\"http:\/\/metimemusic.hu\/\" class=\"more-link\">Continue reading<span class=\"screen-reader-text\"> &#8220;R\u00f3lunk&#8221;<\/span><\/a><\/p>\n","protected":false},"author":1,"featured_media":0,"parent":0,"menu_order":0,"comment_status":"closed","ping_status":"closed","template":"","meta":[],"_links":{"self":[{"href":"http:\/\/metimemusic.hu\/index.php\/wp-json\/wp\/v2\/pages\/13"}],"collection":[{"href":"http:\/\/metimemusic.hu\/index.php\/wp-json\/wp\/v2\/pages"}],"about":[{"href":"http:\/\/metimemusic.hu\/index.php\/wp-json\/wp\/v2\/types\/page"}],"author":[{"embeddable":true,"href":"http:\/\/metimemusic.hu\/index.php\/wp-json\/wp\/v2\/users\/1"}],"replies":[{"embeddable":true,"href":"http:\/\/metimemusic.hu\/index.php\/wp-json\/wp\/v2\/comments?post=13"}],"version-history":[{"count":6,"href":"http:\/\/metimemusic.hu\/index.php\/wp-json\/wp\/v2\/pages\/13\/revisions"}],"predecessor-version":[{"id":96,"href":"http:\/\/metimemusic.hu\/index.php\/wp-json\/wp\/v2\/pages\/13\/revisions\/96"}],"wp:attachment":[{"href":"http:\/\/metimemusic.hu\/index.php\/wp-json\/wp\/v2\/media?parent=13"}],"curies":[{"name":"wp","href":"https:\/\/api.w.org\/{rel}","templated":true}]}}